{"id":4243,"date":"2022-12-27T01:13:56","date_gmt":"2022-12-27T01:13:56","guid":{"rendered":"https:\/\/interwelding.apak-group.com\/arbeitsschutz-und-gesundheitspoliti\/"},"modified":"2025-10-12T11:24:47","modified_gmt":"2025-10-12T11:24:47","slug":"arbeitsschutz-und-gesundheitspoliti","status":"publish","type":"page","link":"https:\/\/interwelding.apak-group.com\/de\/arbeitsschutz-und-gesundheitspoliti\/","title":{"rendered":"Arbeitsschutz- und Gesundheitspoliti"},"content":{"rendered":"\t\t<div data-elementor-type=\"wp-page\" data-elementor-id=\"4243\" class=\"elementor elementor-4243 elementor-318\" data-elementor-post-type=\"page\">\n\t\t\t\t<div class=\"elementor-element elementor-element-e75d76a e-flex e-con-boxed e-con e-parent\" data-id=\"e75d76a\" data-element_type=\"container\" data-settings=\"{&quot;background_background&quot;:&quot;classic&quot;}\">\n\t\t\t\t\t<div class=\"e-con-inner\">\n\t\t<div class=\"elementor-element elementor-element-7571ec6 e-con-full e-flex e-con e-child\" data-id=\"7571ec6\" data-element_type=\"container\">\n\t\t\t\t<div class=\"elementor-element elementor-element-cc8202f elementor-widget elementor-widget-heading\" data-id=\"cc8202f\" data-element_type=\"widget\" data-widget_type=\"heading.default\">\n\t\t\t\t<div class=\"elementor-widget-container\">\n\t\t\t\t\t<h2 class=\"elementor-heading-title elementor-size-default\">Unternehmen<\/h2>\t\t\t\t<\/div>\n\t\t\t\t<\/div>\n\t\t\t\t<div class=\"elementor-element elementor-element-9480145 elementor-widget elementor-widget-heading\" data-id=\"9480145\" data-element_type=\"widget\" data-widget_type=\"heading.default\">\n\t\t\t\t<div class=\"elementor-widget-container\">\n\t\t\t\t\t<h2 class=\"elementor-heading-title elementor-size-default\">Unsere Arbeitsschutzpolitik<\/h2>\t\t\t\t<\/div>\n\t\t\t\t<\/div>\n\t\t\t\t<\/div>\n\t\t<div class=\"elementor-element elementor-element-42147c3 e-flex e-con-boxed e-con e-child\" data-id=\"42147c3\" data-element_type=\"container\" data-settings=\"{&quot;background_background&quot;:&quot;classic&quot;}\">\n\t\t\t\t\t<div class=\"e-con-inner\">\n\t\t\t\t<div class=\"elementor-element elementor-element-5fa8211 elementor-widget elementor-widget-image\" data-id=\"5fa8211\" data-element_type=\"widget\" data-widget_type=\"image.default\">\n\t\t\t\t<div class=\"elementor-widget-container\">\n\t\t\t\t\t\t\t\t\t\t\t\t\t\t\t<img fetchpriority=\"high\" decoding=\"async\" width=\"800\" height=\"421\" src=\"https:\/\/interwelding.apak-group.com\/wp-content\/uploads\/2025\/10\/corporate-banner_0000.jpg\" class=\"attachment-large size-large wp-image-4242\" alt=\"Sicherheitsinspektion und Mitarbeiterschulung der Apak Group in der Produktionshalle\" srcset=\"https:\/\/interwelding.apak-group.com\/wp-content\/uploads\/2025\/10\/corporate-banner_0000.jpg 950w, https:\/\/interwelding.apak-group.com\/wp-content\/uploads\/2025\/10\/corporate-banner_0000-300x158.jpg 300w, https:\/\/interwelding.apak-group.com\/wp-content\/uploads\/2025\/10\/corporate-banner_0000-768x404.jpg 768w, https:\/\/interwelding.apak-group.com\/wp-content\/uploads\/2025\/10\/corporate-banner_0000-600x316.jpg 600w\" sizes=\"(max-width: 800px) 100vw, 800px\" \/>\t\t\t\t\t\t\t\t\t\t\t\t\t\t\t<\/div>\n\t\t\t\t<\/div>\n\t\t\t\t\t<\/div>\n\t\t\t\t<\/div>\n\t\t\t\t\t<\/div>\n\t\t\t\t<\/div>\n\t\t<div class=\"elementor-element elementor-element-8b55ef7 e-flex e-con-boxed e-con e-parent\" data-id=\"8b55ef7\" data-element_type=\"container\">\n\t\t\t\t\t<div class=\"e-con-inner\">\n\t\t<div class=\"elementor-element elementor-element-edcafe1 e-con-full e-flex e-con e-child\" data-id=\"edcafe1\" data-element_type=\"container\">\n\t\t\t\t<div class=\"elementor-element elementor-element-21f2155 elementor-widget elementor-widget-heading\" data-id=\"21f2155\" data-element_type=\"widget\" data-widget_type=\"heading.default\">\n\t\t\t\t<div class=\"elementor-widget-container\">\n\t\t\t\t\t<h3 class=\"elementor-heading-title elementor-size-default\">Sicherheit zuerst. Menschen immer. <\/h3>\t\t\t\t<\/div>\n\t\t\t\t<\/div>\n\t\t\t\t<div class=\"elementor-element elementor-element-9cd138a elementor-widget-divider--view-line elementor-widget elementor-widget-divider\" data-id=\"9cd138a\" data-element_type=\"widget\" data-widget_type=\"divider.default\">\n\t\t\t\t<div class=\"elementor-widget-container\">\n\t\t\t\t\t\t\t<div class=\"elementor-divider\">\n\t\t\t<span class=\"elementor-divider-separator\">\n\t\t\t\t\t\t<\/span>\n\t\t<\/div>\n\t\t\t\t\t\t<\/div>\n\t\t\t\t<\/div>\n\t\t\t\t<\/div>\n\t\t<div class=\"elementor-element elementor-element-2d54152 e-con-full e-flex e-con e-child\" data-id=\"2d54152\" data-element_type=\"container\">\n\t\t\t\t<div class=\"elementor-element elementor-element-9531764 elementor-widget elementor-widget-text-editor\" data-id=\"9531764\" data-element_type=\"widget\" data-widget_type=\"text-editor.default\">\n\t\t\t\t<div class=\"elementor-widget-container\">\n\t\t\t\t\t\t\t\t\t<div id=\"page_content\" class=\"page_content\" role=\"main\"><p>Bei Apak Group stehen die Gesundheit und Sicherheit unserer Mitarbeiter, Partner und Besucher an erster Stelle. Wir verpflichten uns, sichere Arbeitsbedingungen zu schaffen, Unf\u00e4lle zu vermeiden, die Gesundheit zu sch\u00fctzen und das Bewusstsein kontinuierlich zu f\u00f6rdern. Unsere Sicherheitsphilosophie ist einfach \u2013 jede Aufgabe kann sicher und verantwortungsbewusst erledigt werden.  <\/p><section class=\"s12 clr\"><div class=\"cz_is_blank clr\"><div class=\"cz_post_content clr\"><div class=\"vc_row wpb_row vc_row-fluid\"><div class=\"wpb_column vc_column_container vc_col-sm-8\"><div class=\"vc_column-inner\"><div class=\"wpb_wrapper\"><div class=\"wpb_text_column wpb_content_element \"><div class=\"wpb_wrapper\"><p>\u2022 Ein sicheres und gesundes Arbeitsumfeld f\u00fcr alle Mitarbeiter und Besucher bereitzustellen.<br>\u2022 Nationale und internationale Arbeitsschutzstandards einzuhalten.<br>\u2022 Potenzielle Gefahren durch Risikobewertung und vorbeugende Ma\u00dfnahmen zu beseitigen.<br>\u2022 Die aktive Teilnahme und Schulung der Mitarbeiter im Bereich Sicherheit zu f\u00f6rdern.<br>\u2022 Den Einsatz geeigneter Schutzausr\u00fcstung und Technologien sicherzustellen.<br>\u2022 Die Sicherheitsleistung kontinuierlich zu \u00fcberwachen, zu bewerten und zu verbessern.<br>\u2022 Arbeitssicherheit als festen Bestandteil unserer Unternehmenskultur zu verankern.<\/p><\/div><\/div><\/div><\/div><\/div><\/div><\/div><\/div><\/section><\/div>\t\t\t\t\t\t\t\t<\/div>\n\t\t\t\t<\/div>\n\t\t\t\t<\/div>\n\t\t\t\t\t<\/div>\n\t\t\t\t<\/div>\n\t\t\t\t<\/div>\n\t\t","protected":false},"excerpt":{"rendered":"<p>Unternehmen Unsere Arbeitsschutzpolitik Sicherheit zuerst. Menschen immer. Bei Apak Group stehen die Gesundheit und Sicherheit unserer Mitarbeiter, Partner und Besucher an erster Stelle. Wir verpflichten uns, sichere Arbeitsbedingungen zu schaffen, Unf\u00e4lle zu vermeiden, die Gesundheit zu sch\u00fctzen und das Bewusstsein kontinuierlich zu f\u00f6rdern. Unsere Sicherheitsphilosophie ist einfach \u2013 jede Aufgabe kann sicher und verantwortungsbewusst erledigt [&hellip;]<\/p>\n","protected":false},"author":1,"featured_media":0,"parent":0,"menu_order":0,"comment_status":"closed","ping_status":"closed","template":"","meta":{"footnotes":""},"class_list":["post-4243","page","type-page","status-publish","hentry"],"yoast_head":"<!-- This site is optimized with the Yoast SEO Premium plugin v20.5 (Yoast SEO v26.8) - https:\/\/yoast.com\/product\/yoast-seo-premium-wordpress\/ -->\n<title>Arbeitsschutzpolitik \u2013 Apak Group<\/title>\n<meta name=\"description\" content=\"Entdecken Sie die Arbeitsschutzpolitik der Apak Group \u2013 sichere, gesunde und risikofreie Arbeitspl\u00e4tze f\u00fcr alle Mitarbeiter und Partner.\" \/>\n<meta name=\"robots\" content=\"index, follow, max-snippet:-1, max-image-preview:large, max-video-preview:-1\" \/>\n<link rel=\"canonical\" href=\"https:\/\/interwelding.apak-group.com\/de\/arbeitsschutz-und-gesundheitspoliti\/\" \/>\n<meta property=\"og:locale\" content=\"de_DE\" \/>\n<meta property=\"og:type\" content=\"article\" \/>\n<meta property=\"og:title\" content=\"Arbeitsschutz- und Gesundheitspoliti\" \/>\n<meta property=\"og:description\" content=\"Entdecken Sie die Arbeitsschutzpolitik der Apak Group \u2013 sichere, gesunde und risikofreie Arbeitspl\u00e4tze f\u00fcr alle Mitarbeiter und Partner.\" \/>\n<meta property=\"og:url\" content=\"https:\/\/interwelding.apak-group.com\/de\/arbeitsschutz-und-gesundheitspoliti\/\" \/>\n<meta property=\"og:site_name\" content=\"Apak GmbH\" \/>\n<meta property=\"article:modified_time\" content=\"2025-10-12T11:24:47+00:00\" \/>\n<meta property=\"og:image\" content=\"https:\/\/interwelding.apak-group.com\/wp-content\/uploads\/2025\/10\/corporate-banner_0000.jpg\" \/>\n\t<meta property=\"og:image:width\" content=\"950\" \/>\n\t<meta property=\"og:image:height\" content=\"500\" \/>\n\t<meta property=\"og:image:type\" content=\"image\/jpeg\" \/>\n<meta name=\"twitter:card\" content=\"summary_large_image\" \/>\n<meta name=\"twitter:label1\" content=\"Gesch\u00e4tzte Lesezeit\" \/>\n\t<meta name=\"twitter:data1\" content=\"1\u00a0Minute\" \/>\n<script type=\"application\/ld+json\" class=\"yoast-schema-graph\">{\"@context\":\"https:\/\/schema.org\",\"@graph\":[{\"@type\":\"WebPage\",\"@id\":\"https:\/\/interwelding.apak-group.com\/de\/arbeitsschutz-und-gesundheitspoliti\/\",\"url\":\"https:\/\/interwelding.apak-group.com\/de\/arbeitsschutz-und-gesundheitspoliti\/\",\"name\":\"Arbeitsschutzpolitik \u2013 Apak Group\",\"isPartOf\":{\"@id\":\"https:\/\/interwelding.apak-group.com\/de\/#website\"},\"primaryImageOfPage\":{\"@id\":\"https:\/\/interwelding.apak-group.com\/de\/arbeitsschutz-und-gesundheitspoliti\/#primaryimage\"},\"image\":{\"@id\":\"https:\/\/interwelding.apak-group.com\/de\/arbeitsschutz-und-gesundheitspoliti\/#primaryimage\"},\"thumbnailUrl\":\"https:\/\/interwelding.apak-group.com\/wp-content\/uploads\/2025\/10\/corporate-banner_0000.jpg\",\"datePublished\":\"2022-12-27T01:13:56+00:00\",\"dateModified\":\"2025-10-12T11:24:47+00:00\",\"description\":\"Entdecken Sie die Arbeitsschutzpolitik der Apak Group \u2013 sichere, gesunde und risikofreie Arbeitspl\u00e4tze f\u00fcr alle Mitarbeiter und Partner.\",\"breadcrumb\":{\"@id\":\"https:\/\/interwelding.apak-group.com\/de\/arbeitsschutz-und-gesundheitspoliti\/#breadcrumb\"},\"inLanguage\":\"de\",\"potentialAction\":[{\"@type\":\"ReadAction\",\"target\":[\"https:\/\/interwelding.apak-group.com\/de\/arbeitsschutz-und-gesundheitspoliti\/\"]}]},{\"@type\":\"ImageObject\",\"inLanguage\":\"de\",\"@id\":\"https:\/\/interwelding.apak-group.com\/de\/arbeitsschutz-und-gesundheitspoliti\/#primaryimage\",\"url\":\"https:\/\/interwelding.apak-group.com\/wp-content\/uploads\/2025\/10\/corporate-banner_0000.jpg\",\"contentUrl\":\"https:\/\/interwelding.apak-group.com\/wp-content\/uploads\/2025\/10\/corporate-banner_0000.jpg\"},{\"@type\":\"BreadcrumbList\",\"@id\":\"https:\/\/interwelding.apak-group.com\/de\/arbeitsschutz-und-gesundheitspoliti\/#breadcrumb\",\"itemListElement\":[{\"@type\":\"ListItem\",\"position\":1,\"name\":\"Home\",\"item\":\"https:\/\/interwelding.apak-group.com\/de\/\"},{\"@type\":\"ListItem\",\"position\":2,\"name\":\"Arbeitsschutz- und Gesundheitspoliti\"}]},{\"@type\":\"WebSite\",\"@id\":\"https:\/\/interwelding.apak-group.com\/de\/#website\",\"url\":\"https:\/\/interwelding.apak-group.com\/de\/\",\"name\":\"Apak GmbH\",\"description\":\"Welding technology, Welding Automation &amp; Robots\",\"publisher\":{\"@id\":\"https:\/\/interwelding.apak-group.com\/de\/#organization\"},\"potentialAction\":[{\"@type\":\"SearchAction\",\"target\":{\"@type\":\"EntryPoint\",\"urlTemplate\":\"https:\/\/interwelding.apak-group.com\/de\/?s={search_term_string}\"},\"query-input\":{\"@type\":\"PropertyValueSpecification\",\"valueRequired\":true,\"valueName\":\"search_term_string\"}}],\"inLanguage\":\"de\"},{\"@type\":\"Organization\",\"@id\":\"https:\/\/interwelding.apak-group.com\/de\/#organization\",\"name\":\"Apak GmbH\",\"url\":\"https:\/\/interwelding.apak-group.com\/de\/\",\"logo\":{\"@type\":\"ImageObject\",\"inLanguage\":\"de\",\"@id\":\"https:\/\/interwelding.apak-group.com\/de\/#\/schema\/logo\/image\/\",\"url\":\"https:\/\/interwelding.apak-group.com\/wp-content\/uploads\/2022\/12\/apak-interwelding.png\",\"contentUrl\":\"https:\/\/interwelding.apak-group.com\/wp-content\/uploads\/2022\/12\/apak-interwelding.png\",\"width\":4479,\"height\":1399,\"caption\":\"Apak GmbH\"},\"image\":{\"@id\":\"https:\/\/interwelding.apak-group.com\/de\/#\/schema\/logo\/image\/\"},\"sameAs\":[\"https:\/\/www.instagram.com\/apakgroup\/\"]}]}<\/script>\n<!-- \/ Yoast SEO Premium plugin. -->","yoast_head_json":{"title":"Arbeitsschutzpolitik \u2013 Apak Group","description":"Entdecken Sie die Arbeitsschutzpolitik der Apak Group \u2013 sichere, gesunde und risikofreie Arbeitspl\u00e4tze f\u00fcr alle Mitarbeiter und Partner.","robots":{"index":"index","follow":"follow","max-snippet":"max-snippet:-1","max-image-preview":"max-image-preview:large","max-video-preview":"max-video-preview:-1"},"canonical":"https:\/\/interwelding.apak-group.com\/de\/arbeitsschutz-und-gesundheitspoliti\/","og_locale":"de_DE","og_type":"article","og_title":"Arbeitsschutz- und Gesundheitspoliti","og_description":"Entdecken Sie die Arbeitsschutzpolitik der Apak Group \u2013 sichere, gesunde und risikofreie Arbeitspl\u00e4tze f\u00fcr alle Mitarbeiter und Partner.","og_url":"https:\/\/interwelding.apak-group.com\/de\/arbeitsschutz-und-gesundheitspoliti\/","og_site_name":"Apak GmbH","article_modified_time":"2025-10-12T11:24:47+00:00","og_image":[{"width":950,"height":500,"url":"https:\/\/interwelding.apak-group.com\/wp-content\/uploads\/2025\/10\/corporate-banner_0000.jpg","type":"image\/jpeg"}],"twitter_card":"summary_large_image","twitter_misc":{"Gesch\u00e4tzte Lesezeit":"1\u00a0Minute"},"schema":{"@context":"https:\/\/schema.org","@graph":[{"@type":"WebPage","@id":"https:\/\/interwelding.apak-group.com\/de\/arbeitsschutz-und-gesundheitspoliti\/","url":"https:\/\/interwelding.apak-group.com\/de\/arbeitsschutz-und-gesundheitspoliti\/","name":"Arbeitsschutzpolitik \u2013 Apak Group","isPartOf":{"@id":"https:\/\/interwelding.apak-group.com\/de\/#website"},"primaryImageOfPage":{"@id":"https:\/\/interwelding.apak-group.com\/de\/arbeitsschutz-und-gesundheitspoliti\/#primaryimage"},"image":{"@id":"https:\/\/interwelding.apak-group.com\/de\/arbeitsschutz-und-gesundheitspoliti\/#primaryimage"},"thumbnailUrl":"https:\/\/interwelding.apak-group.com\/wp-content\/uploads\/2025\/10\/corporate-banner_0000.jpg","datePublished":"2022-12-27T01:13:56+00:00","dateModified":"2025-10-12T11:24:47+00:00","description":"Entdecken Sie die Arbeitsschutzpolitik der Apak Group \u2013 sichere, gesunde und risikofreie Arbeitspl\u00e4tze f\u00fcr alle Mitarbeiter und Partner.","breadcrumb":{"@id":"https:\/\/interwelding.apak-group.com\/de\/arbeitsschutz-und-gesundheitspoliti\/#breadcrumb"},"inLanguage":"de","potentialAction":[{"@type":"ReadAction","target":["https:\/\/interwelding.apak-group.com\/de\/arbeitsschutz-und-gesundheitspoliti\/"]}]},{"@type":"ImageObject","inLanguage":"de","@id":"https:\/\/interwelding.apak-group.com\/de\/arbeitsschutz-und-gesundheitspoliti\/#primaryimage","url":"https:\/\/interwelding.apak-group.com\/wp-content\/uploads\/2025\/10\/corporate-banner_0000.jpg","contentUrl":"https:\/\/interwelding.apak-group.com\/wp-content\/uploads\/2025\/10\/corporate-banner_0000.jpg"},{"@type":"BreadcrumbList","@id":"https:\/\/interwelding.apak-group.com\/de\/arbeitsschutz-und-gesundheitspoliti\/#breadcrumb","itemListElement":[{"@type":"ListItem","position":1,"name":"Home","item":"https:\/\/interwelding.apak-group.com\/de\/"},{"@type":"ListItem","position":2,"name":"Arbeitsschutz- und Gesundheitspoliti"}]},{"@type":"WebSite","@id":"https:\/\/interwelding.apak-group.com\/de\/#website","url":"https:\/\/interwelding.apak-group.com\/de\/","name":"Apak GmbH","description":"Welding technology, Welding Automation &amp; Robots","publisher":{"@id":"https:\/\/interwelding.apak-group.com\/de\/#organization"},"potentialAction":[{"@type":"SearchAction","target":{"@type":"EntryPoint","urlTemplate":"https:\/\/interwelding.apak-group.com\/de\/?s={search_term_string}"},"query-input":{"@type":"PropertyValueSpecification","valueRequired":true,"valueName":"search_term_string"}}],"inLanguage":"de"},{"@type":"Organization","@id":"https:\/\/interwelding.apak-group.com\/de\/#organization","name":"Apak GmbH","url":"https:\/\/interwelding.apak-group.com\/de\/","logo":{"@type":"ImageObject","inLanguage":"de","@id":"https:\/\/interwelding.apak-group.com\/de\/#\/schema\/logo\/image\/","url":"https:\/\/interwelding.apak-group.com\/wp-content\/uploads\/2022\/12\/apak-interwelding.png","contentUrl":"https:\/\/interwelding.apak-group.com\/wp-content\/uploads\/2022\/12\/apak-interwelding.png","width":4479,"height":1399,"caption":"Apak GmbH"},"image":{"@id":"https:\/\/interwelding.apak-group.com\/de\/#\/schema\/logo\/image\/"},"sameAs":["https:\/\/www.instagram.com\/apakgroup\/"]}]}},"_links":{"self":[{"href":"https:\/\/interwelding.apak-group.com\/de\/wp-json\/wp\/v2\/pages\/4243","targetHints":{"allow":["GET"]}}],"collection":[{"href":"https:\/\/interwelding.apak-group.com\/de\/wp-json\/wp\/v2\/pages"}],"about":[{"href":"https:\/\/interwelding.apak-group.com\/de\/wp-json\/wp\/v2\/types\/page"}],"author":[{"embeddable":true,"href":"https:\/\/interwelding.apak-group.com\/de\/wp-json\/wp\/v2\/users\/1"}],"replies":[{"embeddable":true,"href":"https:\/\/interwelding.apak-group.com\/de\/wp-json\/wp\/v2\/comments?post=4243"}],"version-history":[{"count":1,"href":"https:\/\/interwelding.apak-group.com\/de\/wp-json\/wp\/v2\/pages\/4243\/revisions"}],"predecessor-version":[{"id":4244,"href":"https:\/\/interwelding.apak-group.com\/de\/wp-json\/wp\/v2\/pages\/4243\/revisions\/4244"}],"wp:attachment":[{"href":"https:\/\/interwelding.apak-group.com\/de\/wp-json\/wp\/v2\/media?parent=4243"}],"curies":[{"name":"wp","href":"https:\/\/api.w.org\/{rel}","templated":true}]}}