{"id":4224,"date":"2022-12-27T01:12:01","date_gmt":"2022-12-27T01:12:01","guid":{"rendered":"https:\/\/interwelding.apak-group.com\/umweltpolitik\/"},"modified":"2025-10-12T09:46:14","modified_gmt":"2025-10-12T09:46:14","slug":"umweltpolitik","status":"publish","type":"page","link":"https:\/\/interwelding.apak-group.com\/de\/umweltpolitik\/","title":{"rendered":"Umweltpolitik"},"content":{"rendered":"\t\t<div data-elementor-type=\"wp-page\" data-elementor-id=\"4224\" class=\"elementor elementor-4224 elementor-312\" data-elementor-post-type=\"page\">\n\t\t\t\t<div class=\"elementor-element elementor-element-4dbf570 e-con-full e-flex e-con e-parent\" data-id=\"4dbf570\" data-element_type=\"container\" data-settings=\"{&quot;background_background&quot;:&quot;classic&quot;}\">\n\t\t<div class=\"elementor-element elementor-element-45de91c e-con-full e-flex e-con e-child\" data-id=\"45de91c\" data-element_type=\"container\">\n\t\t\t\t<div class=\"elementor-element elementor-element-c7949a1 elementor-widget elementor-widget-heading\" data-id=\"c7949a1\" data-element_type=\"widget\" data-widget_type=\"heading.default\">\n\t\t\t\t<div class=\"elementor-widget-container\">\n\t\t\t\t\t<h2 class=\"elementor-heading-title elementor-size-default\">Unternehmen<\/h2>\t\t\t\t<\/div>\n\t\t\t\t<\/div>\n\t\t\t\t<div class=\"elementor-element elementor-element-2ef5b75 elementor-widget elementor-widget-heading\" data-id=\"2ef5b75\" data-element_type=\"widget\" data-widget_type=\"heading.default\">\n\t\t\t\t<div class=\"elementor-widget-container\">\n\t\t\t\t\t<h2 class=\"elementor-heading-title elementor-size-default\">Unsere Umweltpolitik<br><\/h2>\t\t\t\t<\/div>\n\t\t\t\t<\/div>\n\t\t\t\t<\/div>\n\t\t<div class=\"elementor-element elementor-element-813b72d e-flex e-con-boxed e-con e-child\" data-id=\"813b72d\" data-element_type=\"container\" data-settings=\"{&quot;background_background&quot;:&quot;classic&quot;}\">\n\t\t\t\t\t<div class=\"e-con-inner\">\n\t\t\t\t<div class=\"elementor-element elementor-element-212bf91 elementor-widget elementor-widget-image\" data-id=\"212bf91\" data-element_type=\"widget\" data-widget_type=\"image.default\">\n\t\t\t\t<div class=\"elementor-widget-container\">\n\t\t\t\t\t\t\t\t\t\t\t\t\t\t\t<img fetchpriority=\"high\" decoding=\"async\" width=\"800\" height=\"421\" src=\"https:\/\/interwelding.apak-group.com\/wp-content\/uploads\/2025\/10\/corporate-banner_0004.jpg\" class=\"attachment-large size-large wp-image-4217\" alt=\"Apak Group Ingenieure arbeiten an umweltfreundlichen Schwei\u00dfsystemen\" srcset=\"https:\/\/interwelding.apak-group.com\/wp-content\/uploads\/2025\/10\/corporate-banner_0004.jpg 950w, https:\/\/interwelding.apak-group.com\/wp-content\/uploads\/2025\/10\/corporate-banner_0004-300x158.jpg 300w, https:\/\/interwelding.apak-group.com\/wp-content\/uploads\/2025\/10\/corporate-banner_0004-768x404.jpg 768w, https:\/\/interwelding.apak-group.com\/wp-content\/uploads\/2025\/10\/corporate-banner_0004-600x316.jpg 600w\" sizes=\"(max-width: 800px) 100vw, 800px\" \/>\t\t\t\t\t\t\t\t\t\t\t\t\t\t\t<\/div>\n\t\t\t\t<\/div>\n\t\t\t\t\t<\/div>\n\t\t\t\t<\/div>\n\t\t\t\t<\/div>\n\t\t<div class=\"elementor-element elementor-element-ae2daaa e-flex e-con-boxed e-con e-parent\" data-id=\"ae2daaa\" data-element_type=\"container\">\n\t\t\t\t\t<div class=\"e-con-inner\">\n\t\t<div class=\"elementor-element elementor-element-cb87f25 e-flex e-con-boxed e-con e-child\" data-id=\"cb87f25\" data-element_type=\"container\">\n\t\t\t\t\t<div class=\"e-con-inner\">\n\t\t<div class=\"elementor-element elementor-element-42eba98 e-con-full e-flex e-con e-child\" data-id=\"42eba98\" data-element_type=\"container\">\n\t\t\t\t<div class=\"elementor-element elementor-element-a42ac45 elementor-widget elementor-widget-heading\" data-id=\"a42ac45\" data-element_type=\"widget\" data-widget_type=\"heading.default\">\n\t\t\t\t<div class=\"elementor-widget-container\">\n\t\t\t\t\t<h3 class=\"elementor-heading-title elementor-size-default\">Heute handeln, um morgen zu bewahren.<\/h3>\t\t\t\t<\/div>\n\t\t\t\t<\/div>\n\t\t\t\t<div class=\"elementor-element elementor-element-66dcf30 elementor-widget-divider--view-line elementor-widget elementor-widget-divider\" data-id=\"66dcf30\" data-element_type=\"widget\" data-widget_type=\"divider.default\">\n\t\t\t\t<div class=\"elementor-widget-container\">\n\t\t\t\t\t\t\t<div class=\"elementor-divider\">\n\t\t\t<span class=\"elementor-divider-separator\">\n\t\t\t\t\t\t<\/span>\n\t\t<\/div>\n\t\t\t\t\t\t<\/div>\n\t\t\t\t<\/div>\n\t\t\t\t<\/div>\n\t\t<div class=\"elementor-element elementor-element-b1e330e e-con-full e-flex e-con e-child\" data-id=\"b1e330e\" data-element_type=\"container\">\n\t\t\t\t<div class=\"elementor-element elementor-element-e3ad906 elementor-widget elementor-widget-text-editor\" data-id=\"e3ad906\" data-element_type=\"widget\" data-widget_type=\"text-editor.default\">\n\t\t\t\t<div class=\"elementor-widget-container\">\n\t\t\t\t\t\t\t\t\t<div id=\"page_content\" class=\"page_content\" role=\"main\"><p>Bei Apak Group sind technische Exzellenz und \u00f6kologische Verantwortung untrennbar miteinander verbunden. Unser Ziel ist es, den \u00f6kologischen Fu\u00dfabdruck jedes Produkts und Prozesses zu minimieren. Durch kontinuierliche Verbesserungen, innovative Technologien und einen verantwortungsvollen Umgang mit Ressourcen engagieren wir uns f\u00fcr den Schutz unseres Planeten f\u00fcr kommende Generationen.<\/p><section class=\"s12 clr\"><div class=\"cz_is_blank clr\"><div class=\"cz_post_content clr\"><div class=\"vc_row wpb_row vc_row-fluid\"><div class=\"wpb_column vc_column_container vc_col-sm-8\"><div class=\"vc_column-inner\"><div class=\"wpb_wrapper\"><div class=\"wpb_text_column wpb_content_element \"><div class=\"wpb_wrapper\"><p>\u2022 Einhaltung aller geltenden Umweltgesetze, Normen und Vorschriften.<br>\u2022 St\u00e4ndige Verbesserung unseres Umweltmanagementsystems.<br>\u2022 Minimierung von Abf\u00e4llen, Energieverbrauch und Emissionen in allen Produktionsprozessen.<br>\u2022 F\u00f6rderung von Recycling, Wiederverwendung und nachhaltiger Materialauswahl.<br>\u2022 Sensibilisierung unserer Mitarbeiter, Lieferanten und Partner f\u00fcr Umweltschutz.<br>\u2022 Integration von \u00d6koeffizienz- und Energiesparprinzipien in jeder Phase der Entwicklung und Produktion.<br>\u2022 Unterst\u00fctzung von Innovationen, die zu saubereren Technologien und nachhaltigem Wachstum f\u00fchren.<\/p><\/div><\/div><\/div><\/div><\/div><\/div><\/div><\/div><\/section><\/div>\t\t\t\t\t\t\t\t<\/div>\n\t\t\t\t<\/div>\n\t\t\t\t<\/div>\n\t\t\t\t\t<\/div>\n\t\t\t\t<\/div>\n\t\t\t\t\t<\/div>\n\t\t\t\t<\/div>\n\t\t\t\t<\/div>\n\t\t","protected":false},"excerpt":{"rendered":"<p>Unternehmen Unsere Umweltpolitik Heute handeln, um morgen zu bewahren. Bei Apak Group sind technische Exzellenz und \u00f6kologische Verantwortung untrennbar miteinander verbunden. Unser Ziel ist es, den \u00f6kologischen Fu\u00dfabdruck jedes Produkts und Prozesses zu minimieren. Durch kontinuierliche Verbesserungen, innovative Technologien und einen verantwortungsvollen Umgang mit Ressourcen engagieren wir uns f\u00fcr den Schutz unseres Planeten f\u00fcr kommende [&hellip;]<\/p>\n","protected":false},"author":1,"featured_media":0,"parent":0,"menu_order":0,"comment_status":"closed","ping_status":"closed","template":"","meta":{"footnotes":""},"class_list":["post-4224","page","type-page","status-publish","hentry"],"yoast_head":"<!-- This site is optimized with the Yoast SEO Premium plugin v20.5 (Yoast SEO v26.8) - https:\/\/yoast.com\/product\/yoast-seo-premium-wordpress\/ -->\n<title>Umweltpolitik \u2013 Apak Group<\/title>\n<meta name=\"description\" content=\"Erfahren Sie mehr \u00fcber das Engagement der Apak Group f\u00fcr Nachhaltigkeit und umweltfreundliche Produktionsprozesse in allen Automatisierungs- und Schwei\u00dfsystemen.\" \/>\n<meta name=\"robots\" content=\"index, follow, max-snippet:-1, max-image-preview:large, max-video-preview:-1\" \/>\n<link rel=\"canonical\" href=\"https:\/\/interwelding.apak-group.com\/de\/umweltpolitik\/\" \/>\n<meta property=\"og:locale\" content=\"de_DE\" \/>\n<meta property=\"og:type\" content=\"article\" \/>\n<meta property=\"og:title\" content=\"Umweltpolitik\" \/>\n<meta property=\"og:description\" content=\"Erfahren Sie mehr \u00fcber das Engagement der Apak Group f\u00fcr Nachhaltigkeit und umweltfreundliche Produktionsprozesse in allen Automatisierungs- und Schwei\u00dfsystemen.\" \/>\n<meta property=\"og:url\" content=\"https:\/\/interwelding.apak-group.com\/de\/umweltpolitik\/\" \/>\n<meta property=\"og:site_name\" content=\"Apak GmbH\" \/>\n<meta property=\"article:modified_time\" content=\"2025-10-12T09:46:14+00:00\" \/>\n<meta property=\"og:image\" content=\"https:\/\/interwelding.apak-group.com\/wp-content\/uploads\/2025\/10\/corporate-banner_0004.jpg\" \/>\n\t<meta property=\"og:image:width\" content=\"950\" \/>\n\t<meta property=\"og:image:height\" content=\"500\" \/>\n\t<meta property=\"og:image:type\" content=\"image\/jpeg\" \/>\n<meta name=\"twitter:card\" content=\"summary_large_image\" \/>\n<meta name=\"twitter:label1\" content=\"Gesch\u00e4tzte Lesezeit\" \/>\n\t<meta name=\"twitter:data1\" content=\"1\u00a0Minute\" \/>\n<script type=\"application\/ld+json\" class=\"yoast-schema-graph\">{\"@context\":\"https:\/\/schema.org\",\"@graph\":[{\"@type\":\"WebPage\",\"@id\":\"https:\/\/interwelding.apak-group.com\/de\/umweltpolitik\/\",\"url\":\"https:\/\/interwelding.apak-group.com\/de\/umweltpolitik\/\",\"name\":\"Umweltpolitik \u2013 Apak Group\",\"isPartOf\":{\"@id\":\"https:\/\/interwelding.apak-group.com\/de\/#website\"},\"primaryImageOfPage\":{\"@id\":\"https:\/\/interwelding.apak-group.com\/de\/umweltpolitik\/#primaryimage\"},\"image\":{\"@id\":\"https:\/\/interwelding.apak-group.com\/de\/umweltpolitik\/#primaryimage\"},\"thumbnailUrl\":\"https:\/\/interwelding.apak-group.com\/wp-content\/uploads\/2025\/10\/corporate-banner_0004.jpg\",\"datePublished\":\"2022-12-27T01:12:01+00:00\",\"dateModified\":\"2025-10-12T09:46:14+00:00\",\"description\":\"Erfahren Sie mehr \u00fcber das Engagement der Apak Group f\u00fcr Nachhaltigkeit und umweltfreundliche Produktionsprozesse in allen Automatisierungs- und Schwei\u00dfsystemen.\",\"breadcrumb\":{\"@id\":\"https:\/\/interwelding.apak-group.com\/de\/umweltpolitik\/#breadcrumb\"},\"inLanguage\":\"de\",\"potentialAction\":[{\"@type\":\"ReadAction\",\"target\":[\"https:\/\/interwelding.apak-group.com\/de\/umweltpolitik\/\"]}]},{\"@type\":\"ImageObject\",\"inLanguage\":\"de\",\"@id\":\"https:\/\/interwelding.apak-group.com\/de\/umweltpolitik\/#primaryimage\",\"url\":\"https:\/\/interwelding.apak-group.com\/wp-content\/uploads\/2025\/10\/corporate-banner_0004.jpg\",\"contentUrl\":\"https:\/\/interwelding.apak-group.com\/wp-content\/uploads\/2025\/10\/corporate-banner_0004.jpg\"},{\"@type\":\"BreadcrumbList\",\"@id\":\"https:\/\/interwelding.apak-group.com\/de\/umweltpolitik\/#breadcrumb\",\"itemListElement\":[{\"@type\":\"ListItem\",\"position\":1,\"name\":\"Home\",\"item\":\"https:\/\/interwelding.apak-group.com\/de\/\"},{\"@type\":\"ListItem\",\"position\":2,\"name\":\"Umweltpolitik\"}]},{\"@type\":\"WebSite\",\"@id\":\"https:\/\/interwelding.apak-group.com\/de\/#website\",\"url\":\"https:\/\/interwelding.apak-group.com\/de\/\",\"name\":\"Apak GmbH\",\"description\":\"Welding technology, Welding Automation &amp; Robots\",\"publisher\":{\"@id\":\"https:\/\/interwelding.apak-group.com\/de\/#organization\"},\"potentialAction\":[{\"@type\":\"SearchAction\",\"target\":{\"@type\":\"EntryPoint\",\"urlTemplate\":\"https:\/\/interwelding.apak-group.com\/de\/?s={search_term_string}\"},\"query-input\":{\"@type\":\"PropertyValueSpecification\",\"valueRequired\":true,\"valueName\":\"search_term_string\"}}],\"inLanguage\":\"de\"},{\"@type\":\"Organization\",\"@id\":\"https:\/\/interwelding.apak-group.com\/de\/#organization\",\"name\":\"Apak GmbH\",\"url\":\"https:\/\/interwelding.apak-group.com\/de\/\",\"logo\":{\"@type\":\"ImageObject\",\"inLanguage\":\"de\",\"@id\":\"https:\/\/interwelding.apak-group.com\/de\/#\/schema\/logo\/image\/\",\"url\":\"https:\/\/interwelding.apak-group.com\/wp-content\/uploads\/2022\/12\/apak-interwelding.png\",\"contentUrl\":\"https:\/\/interwelding.apak-group.com\/wp-content\/uploads\/2022\/12\/apak-interwelding.png\",\"width\":4479,\"height\":1399,\"caption\":\"Apak GmbH\"},\"image\":{\"@id\":\"https:\/\/interwelding.apak-group.com\/de\/#\/schema\/logo\/image\/\"},\"sameAs\":[\"https:\/\/www.instagram.com\/apakgroup\/\"]}]}<\/script>\n<!-- \/ Yoast SEO Premium plugin. -->","yoast_head_json":{"title":"Umweltpolitik \u2013 Apak Group","description":"Erfahren Sie mehr \u00fcber das Engagement der Apak Group f\u00fcr Nachhaltigkeit und umweltfreundliche Produktionsprozesse in allen Automatisierungs- und Schwei\u00dfsystemen.","robots":{"index":"index","follow":"follow","max-snippet":"max-snippet:-1","max-image-preview":"max-image-preview:large","max-video-preview":"max-video-preview:-1"},"canonical":"https:\/\/interwelding.apak-group.com\/de\/umweltpolitik\/","og_locale":"de_DE","og_type":"article","og_title":"Umweltpolitik","og_description":"Erfahren Sie mehr \u00fcber das Engagement der Apak Group f\u00fcr Nachhaltigkeit und umweltfreundliche Produktionsprozesse in allen Automatisierungs- und Schwei\u00dfsystemen.","og_url":"https:\/\/interwelding.apak-group.com\/de\/umweltpolitik\/","og_site_name":"Apak GmbH","article_modified_time":"2025-10-12T09:46:14+00:00","og_image":[{"width":950,"height":500,"url":"https:\/\/interwelding.apak-group.com\/wp-content\/uploads\/2025\/10\/corporate-banner_0004.jpg","type":"image\/jpeg"}],"twitter_card":"summary_large_image","twitter_misc":{"Gesch\u00e4tzte Lesezeit":"1\u00a0Minute"},"schema":{"@context":"https:\/\/schema.org","@graph":[{"@type":"WebPage","@id":"https:\/\/interwelding.apak-group.com\/de\/umweltpolitik\/","url":"https:\/\/interwelding.apak-group.com\/de\/umweltpolitik\/","name":"Umweltpolitik \u2013 Apak Group","isPartOf":{"@id":"https:\/\/interwelding.apak-group.com\/de\/#website"},"primaryImageOfPage":{"@id":"https:\/\/interwelding.apak-group.com\/de\/umweltpolitik\/#primaryimage"},"image":{"@id":"https:\/\/interwelding.apak-group.com\/de\/umweltpolitik\/#primaryimage"},"thumbnailUrl":"https:\/\/interwelding.apak-group.com\/wp-content\/uploads\/2025\/10\/corporate-banner_0004.jpg","datePublished":"2022-12-27T01:12:01+00:00","dateModified":"2025-10-12T09:46:14+00:00","description":"Erfahren Sie mehr \u00fcber das Engagement der Apak Group f\u00fcr Nachhaltigkeit und umweltfreundliche Produktionsprozesse in allen Automatisierungs- und Schwei\u00dfsystemen.","breadcrumb":{"@id":"https:\/\/interwelding.apak-group.com\/de\/umweltpolitik\/#breadcrumb"},"inLanguage":"de","potentialAction":[{"@type":"ReadAction","target":["https:\/\/interwelding.apak-group.com\/de\/umweltpolitik\/"]}]},{"@type":"ImageObject","inLanguage":"de","@id":"https:\/\/interwelding.apak-group.com\/de\/umweltpolitik\/#primaryimage","url":"https:\/\/interwelding.apak-group.com\/wp-content\/uploads\/2025\/10\/corporate-banner_0004.jpg","contentUrl":"https:\/\/interwelding.apak-group.com\/wp-content\/uploads\/2025\/10\/corporate-banner_0004.jpg"},{"@type":"BreadcrumbList","@id":"https:\/\/interwelding.apak-group.com\/de\/umweltpolitik\/#breadcrumb","itemListElement":[{"@type":"ListItem","position":1,"name":"Home","item":"https:\/\/interwelding.apak-group.com\/de\/"},{"@type":"ListItem","position":2,"name":"Umweltpolitik"}]},{"@type":"WebSite","@id":"https:\/\/interwelding.apak-group.com\/de\/#website","url":"https:\/\/interwelding.apak-group.com\/de\/","name":"Apak GmbH","description":"Welding technology, Welding Automation &amp; Robots","publisher":{"@id":"https:\/\/interwelding.apak-group.com\/de\/#organization"},"potentialAction":[{"@type":"SearchAction","target":{"@type":"EntryPoint","urlTemplate":"https:\/\/interwelding.apak-group.com\/de\/?s={search_term_string}"},"query-input":{"@type":"PropertyValueSpecification","valueRequired":true,"valueName":"search_term_string"}}],"inLanguage":"de"},{"@type":"Organization","@id":"https:\/\/interwelding.apak-group.com\/de\/#organization","name":"Apak GmbH","url":"https:\/\/interwelding.apak-group.com\/de\/","logo":{"@type":"ImageObject","inLanguage":"de","@id":"https:\/\/interwelding.apak-group.com\/de\/#\/schema\/logo\/image\/","url":"https:\/\/interwelding.apak-group.com\/wp-content\/uploads\/2022\/12\/apak-interwelding.png","contentUrl":"https:\/\/interwelding.apak-group.com\/wp-content\/uploads\/2022\/12\/apak-interwelding.png","width":4479,"height":1399,"caption":"Apak GmbH"},"image":{"@id":"https:\/\/interwelding.apak-group.com\/de\/#\/schema\/logo\/image\/"},"sameAs":["https:\/\/www.instagram.com\/apakgroup\/"]}]}},"_links":{"self":[{"href":"https:\/\/interwelding.apak-group.com\/de\/wp-json\/wp\/v2\/pages\/4224","targetHints":{"allow":["GET"]}}],"collection":[{"href":"https:\/\/interwelding.apak-group.com\/de\/wp-json\/wp\/v2\/pages"}],"about":[{"href":"https:\/\/interwelding.apak-group.com\/de\/wp-json\/wp\/v2\/types\/page"}],"author":[{"embeddable":true,"href":"https:\/\/interwelding.apak-group.com\/de\/wp-json\/wp\/v2\/users\/1"}],"replies":[{"embeddable":true,"href":"https:\/\/interwelding.apak-group.com\/de\/wp-json\/wp\/v2\/comments?post=4224"}],"version-history":[{"count":3,"href":"https:\/\/interwelding.apak-group.com\/de\/wp-json\/wp\/v2\/pages\/4224\/revisions"}],"predecessor-version":[{"id":4227,"href":"https:\/\/interwelding.apak-group.com\/de\/wp-json\/wp\/v2\/pages\/4224\/revisions\/4227"}],"wp:attachment":[{"href":"https:\/\/interwelding.apak-group.com\/de\/wp-json\/wp\/v2\/media?parent=4224"}],"curies":[{"name":"wp","href":"https:\/\/api.w.org\/{rel}","templated":true}]}}