{"id":4200,"date":"2022-12-27T01:12:56","date_gmt":"2022-12-27T01:12:56","guid":{"rendered":"https:\/\/interwelding.apak-group.com\/qualitaetspolitik\/"},"modified":"2025-10-12T08:53:11","modified_gmt":"2025-10-12T08:53:11","slug":"qualitaetspolitik","status":"publish","type":"page","link":"https:\/\/interwelding.apak-group.com\/de\/qualitaetspolitik\/","title":{"rendered":"Qualit\u00e4tspolitik"},"content":{"rendered":"\t\t<div data-elementor-type=\"wp-page\" data-elementor-id=\"4200\" class=\"elementor elementor-4200 elementor-314\" data-elementor-post-type=\"page\">\n\t\t\t\t<div class=\"elementor-element elementor-element-6ac2236 e-con-full e-flex e-con e-parent\" data-id=\"6ac2236\" data-element_type=\"container\" data-settings=\"{&quot;background_background&quot;:&quot;classic&quot;}\">\n\t\t<div class=\"elementor-element elementor-element-6f94b66 e-con-full e-flex e-con e-child\" data-id=\"6f94b66\" data-element_type=\"container\">\n\t\t\t\t<div class=\"elementor-element elementor-element-e153e28 elementor-widget elementor-widget-heading\" data-id=\"e153e28\" data-element_type=\"widget\" data-widget_type=\"heading.default\">\n\t\t\t\t<div class=\"elementor-widget-container\">\n\t\t\t\t\t<h2 class=\"elementor-heading-title elementor-size-default\">Unternehmen<\/h2>\t\t\t\t<\/div>\n\t\t\t\t<\/div>\n\t\t\t\t<div class=\"elementor-element elementor-element-e7c9ce6 elementor-widget elementor-widget-heading\" data-id=\"e7c9ce6\" data-element_type=\"widget\" data-widget_type=\"heading.default\">\n\t\t\t\t<div class=\"elementor-widget-container\">\n\t\t\t\t\t<h2 class=\"elementor-heading-title elementor-size-default\">Qualit\u00e4tspolitik<\/h2>\t\t\t\t<\/div>\n\t\t\t\t<\/div>\n\t\t\t\t<\/div>\n\t\t<div class=\"elementor-element elementor-element-4cc30a9 e-flex e-con-boxed e-con e-child\" data-id=\"4cc30a9\" data-element_type=\"container\" data-settings=\"{&quot;background_background&quot;:&quot;classic&quot;}\">\n\t\t\t\t\t<div class=\"e-con-inner\">\n\t\t\t\t<div class=\"elementor-element elementor-element-0110e06 elementor-widget elementor-widget-image\" data-id=\"0110e06\" data-element_type=\"widget\" data-widget_type=\"image.default\">\n\t\t\t\t<div class=\"elementor-widget-container\">\n\t\t\t\t\t\t\t\t\t\t\t\t\t\t\t<img fetchpriority=\"high\" decoding=\"async\" width=\"800\" height=\"421\" src=\"https:\/\/interwelding.apak-group.com\/wp-content\/uploads\/2025\/10\/corporate-banner_0002.jpg\" class=\"attachment-large size-large wp-image-4199\" alt=\"Qualit\u00e4tssicherung und Inspektionsprozess der Apak Group in der Produktionshalle\" srcset=\"https:\/\/interwelding.apak-group.com\/wp-content\/uploads\/2025\/10\/corporate-banner_0002.jpg 950w, https:\/\/interwelding.apak-group.com\/wp-content\/uploads\/2025\/10\/corporate-banner_0002-300x158.jpg 300w, https:\/\/interwelding.apak-group.com\/wp-content\/uploads\/2025\/10\/corporate-banner_0002-768x404.jpg 768w, https:\/\/interwelding.apak-group.com\/wp-content\/uploads\/2025\/10\/corporate-banner_0002-600x316.jpg 600w\" sizes=\"(max-width: 800px) 100vw, 800px\" \/>\t\t\t\t\t\t\t\t\t\t\t\t\t\t\t<\/div>\n\t\t\t\t<\/div>\n\t\t\t\t\t<\/div>\n\t\t\t\t<\/div>\n\t\t\t\t<\/div>\n\t\t<div class=\"elementor-element elementor-element-5a756d2 e-flex e-con-boxed e-con e-parent\" data-id=\"5a756d2\" data-element_type=\"container\">\n\t\t\t\t\t<div class=\"e-con-inner\">\n\t\t<div class=\"elementor-element elementor-element-807dee6 e-con-full e-flex e-con e-child\" data-id=\"807dee6\" data-element_type=\"container\">\n\t\t\t\t<div class=\"elementor-element elementor-element-d409071 elementor-widget elementor-widget-heading\" data-id=\"d409071\" data-element_type=\"widget\" data-widget_type=\"heading.default\">\n\t\t\t\t<div class=\"elementor-widget-container\">\n\t\t\t\t\t<h3 class=\"elementor-heading-title elementor-size-default\">Angetrieben von Qualit\u00e4t. Driven by Quality.<\/h3>\t\t\t\t<\/div>\n\t\t\t\t<\/div>\n\t\t\t\t<div class=\"elementor-element elementor-element-3db388f elementor-widget-divider--view-line elementor-widget elementor-widget-divider\" data-id=\"3db388f\" data-element_type=\"widget\" data-widget_type=\"divider.default\">\n\t\t\t\t<div class=\"elementor-widget-container\">\n\t\t\t\t\t\t\t<div class=\"elementor-divider\">\n\t\t\t<span class=\"elementor-divider-separator\">\n\t\t\t\t\t\t<\/span>\n\t\t<\/div>\n\t\t\t\t\t\t<\/div>\n\t\t\t\t<\/div>\n\t\t\t\t<\/div>\n\t\t<div class=\"elementor-element elementor-element-5fa77f0 e-con-full e-flex e-con e-child\" data-id=\"5fa77f0\" data-element_type=\"container\">\n\t\t\t\t<div class=\"elementor-element elementor-element-d48738d elementor-widget elementor-widget-text-editor\" data-id=\"d48738d\" data-element_type=\"widget\" data-widget_type=\"text-editor.default\">\n\t\t\t\t<div class=\"elementor-widget-container\">\n\t\t\t\t\t\t\t\t\t<div id=\"page_content\" class=\"page_content\" role=\"main\">Bei Apak Group ist Qualit\u00e4t nicht nur eine Anforderung \u2013 sie ist die Grundlage unserer technischen Exzellenz. Seit 1972 entwickeln und fertigen wir Automatisierungs-, Schwei\u00df- und Sondermaschinen, die h\u00f6chsten internationalen Standards entsprechen. Jedes Bauteil, jeder Prozess und jede Entscheidung spiegeln unser Engagement f\u00fcr Zuverl\u00e4ssigkeit, Pr\u00e4zision und Kundenzufriedenheit wider.<br><br><section class=\"s12 clr\"><div class=\"cz_is_blank clr\"><div class=\"cz_post_content clr\"><div class=\"vc_row wpb_row vc_row-fluid\"><div class=\"wpb_column vc_column_container vc_col-sm-8\"><div class=\"vc_column-inner\"><div class=\"wpb_wrapper\"><div class=\"wpb_text_column wpb_content_element \"><div class=\"wpb_wrapper\"><p>\u2022 Kundenzufriedenheit durch zuverl\u00e4ssige, leistungsstarke und langlebige Systeme sicherzustellen.<br>\u2022 Internationale Normen (EN, ASME, ISO) vollst\u00e4ndig einzuhalten und das Prinzip der kontinuierlichen Verbesserung anzuwenden.<br>\u2022 Pr\u00e4zision, Innovation und Sicherheit in allen Entwicklungs- und Produktionsprozessen zu gew\u00e4hrleisten.<br>\u2022 Unsere Lieferanten- und Partnerbeziehungen durch Transparenz und ethisches Handeln zu st\u00e4rken.<br>\u2022 In die Weiterentwicklung unserer Mitarbeiter und in technologische Innovationen zu investieren, um nachhaltiges Wachstum zu f\u00f6rdern.<br>\u2022 Unsere Produktions- und Servicequalit\u00e4t durch messbare Ziele regelm\u00e4\u00dfig zu \u00fcberwachen, zu analysieren und zu verbessern.<br>\u2022 Jedes Produkt und jede Dienstleistung \u201egleich beim ersten Mal richtig\u201c zu liefern.<\/p><\/div><\/div><\/div><\/div><\/div><\/div><\/div><\/div><\/section><\/div>\t\t\t\t\t\t\t\t<\/div>\n\t\t\t\t<\/div>\n\t\t\t\t<\/div>\n\t\t\t\t\t<\/div>\n\t\t\t\t<\/div>\n\t\t\t\t<\/div>\n\t\t","protected":false},"excerpt":{"rendered":"<p>Unternehmen Qualit\u00e4tspolitik Angetrieben von Qualit\u00e4t. Driven by Quality. Bei Apak Group ist Qualit\u00e4t nicht nur eine Anforderung \u2013 sie ist die Grundlage unserer technischen Exzellenz. Seit 1972 entwickeln und fertigen wir Automatisierungs-, Schwei\u00df- und Sondermaschinen, die h\u00f6chsten internationalen Standards entsprechen. Jedes Bauteil, jeder Prozess und jede Entscheidung spiegeln unser Engagement f\u00fcr Zuverl\u00e4ssigkeit, Pr\u00e4zision und Kundenzufriedenheit [&hellip;]<\/p>\n","protected":false},"author":1,"featured_media":0,"parent":0,"menu_order":0,"comment_status":"closed","ping_status":"closed","template":"","meta":{"footnotes":""},"class_list":["post-4200","page","type-page","status-publish","hentry"],"yoast_head":"<!-- This site is optimized with the Yoast SEO Premium plugin v20.5 (Yoast SEO v26.8) - https:\/\/yoast.com\/product\/yoast-seo-premium-wordpress\/ -->\n<title>Qualit\u00e4tspolitik \u2013 Apak Group<\/title>\n<meta name=\"description\" content=\"Entdecken Sie die Qualit\u00e4tspolitik der Apak Group \u2013 Zuverl\u00e4ssigkeit, Pr\u00e4zision und Innovation seit 1972.\" \/>\n<meta name=\"robots\" content=\"index, follow, max-snippet:-1, max-image-preview:large, max-video-preview:-1\" \/>\n<link rel=\"canonical\" href=\"https:\/\/interwelding.apak-group.com\/de\/qualitaetspolitik\/\" \/>\n<meta property=\"og:locale\" content=\"de_DE\" \/>\n<meta property=\"og:type\" content=\"article\" \/>\n<meta property=\"og:title\" content=\"Qualit\u00e4tspolitik\" \/>\n<meta property=\"og:description\" content=\"Entdecken Sie die Qualit\u00e4tspolitik der Apak Group \u2013 Zuverl\u00e4ssigkeit, Pr\u00e4zision und Innovation seit 1972.\" \/>\n<meta property=\"og:url\" content=\"https:\/\/interwelding.apak-group.com\/de\/qualitaetspolitik\/\" \/>\n<meta property=\"og:site_name\" content=\"Apak GmbH\" \/>\n<meta property=\"article:modified_time\" content=\"2025-10-12T08:53:11+00:00\" \/>\n<meta property=\"og:image\" content=\"https:\/\/interwelding.apak-group.com\/wp-content\/uploads\/2025\/10\/corporate-banner_0002.jpg\" \/>\n\t<meta property=\"og:image:width\" content=\"950\" \/>\n\t<meta property=\"og:image:height\" content=\"500\" \/>\n\t<meta property=\"og:image:type\" content=\"image\/jpeg\" \/>\n<meta name=\"twitter:card\" content=\"summary_large_image\" \/>\n<meta name=\"twitter:label1\" content=\"Gesch\u00e4tzte Lesezeit\" \/>\n\t<meta name=\"twitter:data1\" content=\"1\u00a0Minute\" \/>\n<script type=\"application\/ld+json\" class=\"yoast-schema-graph\">{\"@context\":\"https:\/\/schema.org\",\"@graph\":[{\"@type\":\"WebPage\",\"@id\":\"https:\/\/interwelding.apak-group.com\/de\/qualitaetspolitik\/\",\"url\":\"https:\/\/interwelding.apak-group.com\/de\/qualitaetspolitik\/\",\"name\":\"Qualit\u00e4tspolitik \u2013 Apak Group\",\"isPartOf\":{\"@id\":\"https:\/\/interwelding.apak-group.com\/de\/#website\"},\"primaryImageOfPage\":{\"@id\":\"https:\/\/interwelding.apak-group.com\/de\/qualitaetspolitik\/#primaryimage\"},\"image\":{\"@id\":\"https:\/\/interwelding.apak-group.com\/de\/qualitaetspolitik\/#primaryimage\"},\"thumbnailUrl\":\"https:\/\/interwelding.apak-group.com\/wp-content\/uploads\/2025\/10\/corporate-banner_0002.jpg\",\"datePublished\":\"2022-12-27T01:12:56+00:00\",\"dateModified\":\"2025-10-12T08:53:11+00:00\",\"description\":\"Entdecken Sie die Qualit\u00e4tspolitik der Apak Group \u2013 Zuverl\u00e4ssigkeit, Pr\u00e4zision und Innovation seit 1972.\",\"breadcrumb\":{\"@id\":\"https:\/\/interwelding.apak-group.com\/de\/qualitaetspolitik\/#breadcrumb\"},\"inLanguage\":\"de\",\"potentialAction\":[{\"@type\":\"ReadAction\",\"target\":[\"https:\/\/interwelding.apak-group.com\/de\/qualitaetspolitik\/\"]}]},{\"@type\":\"ImageObject\",\"inLanguage\":\"de\",\"@id\":\"https:\/\/interwelding.apak-group.com\/de\/qualitaetspolitik\/#primaryimage\",\"url\":\"https:\/\/interwelding.apak-group.com\/wp-content\/uploads\/2025\/10\/corporate-banner_0002.jpg\",\"contentUrl\":\"https:\/\/interwelding.apak-group.com\/wp-content\/uploads\/2025\/10\/corporate-banner_0002.jpg\"},{\"@type\":\"BreadcrumbList\",\"@id\":\"https:\/\/interwelding.apak-group.com\/de\/qualitaetspolitik\/#breadcrumb\",\"itemListElement\":[{\"@type\":\"ListItem\",\"position\":1,\"name\":\"Home\",\"item\":\"https:\/\/interwelding.apak-group.com\/de\/\"},{\"@type\":\"ListItem\",\"position\":2,\"name\":\"Qualit\u00e4tspolitik\"}]},{\"@type\":\"WebSite\",\"@id\":\"https:\/\/interwelding.apak-group.com\/de\/#website\",\"url\":\"https:\/\/interwelding.apak-group.com\/de\/\",\"name\":\"Apak GmbH\",\"description\":\"Welding technology, Welding Automation &amp; Robots\",\"publisher\":{\"@id\":\"https:\/\/interwelding.apak-group.com\/de\/#organization\"},\"potentialAction\":[{\"@type\":\"SearchAction\",\"target\":{\"@type\":\"EntryPoint\",\"urlTemplate\":\"https:\/\/interwelding.apak-group.com\/de\/?s={search_term_string}\"},\"query-input\":{\"@type\":\"PropertyValueSpecification\",\"valueRequired\":true,\"valueName\":\"search_term_string\"}}],\"inLanguage\":\"de\"},{\"@type\":\"Organization\",\"@id\":\"https:\/\/interwelding.apak-group.com\/de\/#organization\",\"name\":\"Apak GmbH\",\"url\":\"https:\/\/interwelding.apak-group.com\/de\/\",\"logo\":{\"@type\":\"ImageObject\",\"inLanguage\":\"de\",\"@id\":\"https:\/\/interwelding.apak-group.com\/de\/#\/schema\/logo\/image\/\",\"url\":\"https:\/\/interwelding.apak-group.com\/wp-content\/uploads\/2022\/12\/apak-interwelding.png\",\"contentUrl\":\"https:\/\/interwelding.apak-group.com\/wp-content\/uploads\/2022\/12\/apak-interwelding.png\",\"width\":4479,\"height\":1399,\"caption\":\"Apak GmbH\"},\"image\":{\"@id\":\"https:\/\/interwelding.apak-group.com\/de\/#\/schema\/logo\/image\/\"},\"sameAs\":[\"https:\/\/www.instagram.com\/apakgroup\/\"]}]}<\/script>\n<!-- \/ Yoast SEO Premium plugin. -->","yoast_head_json":{"title":"Qualit\u00e4tspolitik \u2013 Apak Group","description":"Entdecken Sie die Qualit\u00e4tspolitik der Apak Group \u2013 Zuverl\u00e4ssigkeit, Pr\u00e4zision und Innovation seit 1972.","robots":{"index":"index","follow":"follow","max-snippet":"max-snippet:-1","max-image-preview":"max-image-preview:large","max-video-preview":"max-video-preview:-1"},"canonical":"https:\/\/interwelding.apak-group.com\/de\/qualitaetspolitik\/","og_locale":"de_DE","og_type":"article","og_title":"Qualit\u00e4tspolitik","og_description":"Entdecken Sie die Qualit\u00e4tspolitik der Apak Group \u2013 Zuverl\u00e4ssigkeit, Pr\u00e4zision und Innovation seit 1972.","og_url":"https:\/\/interwelding.apak-group.com\/de\/qualitaetspolitik\/","og_site_name":"Apak GmbH","article_modified_time":"2025-10-12T08:53:11+00:00","og_image":[{"width":950,"height":500,"url":"https:\/\/interwelding.apak-group.com\/wp-content\/uploads\/2025\/10\/corporate-banner_0002.jpg","type":"image\/jpeg"}],"twitter_card":"summary_large_image","twitter_misc":{"Gesch\u00e4tzte Lesezeit":"1\u00a0Minute"},"schema":{"@context":"https:\/\/schema.org","@graph":[{"@type":"WebPage","@id":"https:\/\/interwelding.apak-group.com\/de\/qualitaetspolitik\/","url":"https:\/\/interwelding.apak-group.com\/de\/qualitaetspolitik\/","name":"Qualit\u00e4tspolitik \u2013 Apak Group","isPartOf":{"@id":"https:\/\/interwelding.apak-group.com\/de\/#website"},"primaryImageOfPage":{"@id":"https:\/\/interwelding.apak-group.com\/de\/qualitaetspolitik\/#primaryimage"},"image":{"@id":"https:\/\/interwelding.apak-group.com\/de\/qualitaetspolitik\/#primaryimage"},"thumbnailUrl":"https:\/\/interwelding.apak-group.com\/wp-content\/uploads\/2025\/10\/corporate-banner_0002.jpg","datePublished":"2022-12-27T01:12:56+00:00","dateModified":"2025-10-12T08:53:11+00:00","description":"Entdecken Sie die Qualit\u00e4tspolitik der Apak Group \u2013 Zuverl\u00e4ssigkeit, Pr\u00e4zision und Innovation seit 1972.","breadcrumb":{"@id":"https:\/\/interwelding.apak-group.com\/de\/qualitaetspolitik\/#breadcrumb"},"inLanguage":"de","potentialAction":[{"@type":"ReadAction","target":["https:\/\/interwelding.apak-group.com\/de\/qualitaetspolitik\/"]}]},{"@type":"ImageObject","inLanguage":"de","@id":"https:\/\/interwelding.apak-group.com\/de\/qualitaetspolitik\/#primaryimage","url":"https:\/\/interwelding.apak-group.com\/wp-content\/uploads\/2025\/10\/corporate-banner_0002.jpg","contentUrl":"https:\/\/interwelding.apak-group.com\/wp-content\/uploads\/2025\/10\/corporate-banner_0002.jpg"},{"@type":"BreadcrumbList","@id":"https:\/\/interwelding.apak-group.com\/de\/qualitaetspolitik\/#breadcrumb","itemListElement":[{"@type":"ListItem","position":1,"name":"Home","item":"https:\/\/interwelding.apak-group.com\/de\/"},{"@type":"ListItem","position":2,"name":"Qualit\u00e4tspolitik"}]},{"@type":"WebSite","@id":"https:\/\/interwelding.apak-group.com\/de\/#website","url":"https:\/\/interwelding.apak-group.com\/de\/","name":"Apak GmbH","description":"Welding technology, Welding Automation &amp; Robots","publisher":{"@id":"https:\/\/interwelding.apak-group.com\/de\/#organization"},"potentialAction":[{"@type":"SearchAction","target":{"@type":"EntryPoint","urlTemplate":"https:\/\/interwelding.apak-group.com\/de\/?s={search_term_string}"},"query-input":{"@type":"PropertyValueSpecification","valueRequired":true,"valueName":"search_term_string"}}],"inLanguage":"de"},{"@type":"Organization","@id":"https:\/\/interwelding.apak-group.com\/de\/#organization","name":"Apak GmbH","url":"https:\/\/interwelding.apak-group.com\/de\/","logo":{"@type":"ImageObject","inLanguage":"de","@id":"https:\/\/interwelding.apak-group.com\/de\/#\/schema\/logo\/image\/","url":"https:\/\/interwelding.apak-group.com\/wp-content\/uploads\/2022\/12\/apak-interwelding.png","contentUrl":"https:\/\/interwelding.apak-group.com\/wp-content\/uploads\/2022\/12\/apak-interwelding.png","width":4479,"height":1399,"caption":"Apak GmbH"},"image":{"@id":"https:\/\/interwelding.apak-group.com\/de\/#\/schema\/logo\/image\/"},"sameAs":["https:\/\/www.instagram.com\/apakgroup\/"]}]}},"_links":{"self":[{"href":"https:\/\/interwelding.apak-group.com\/de\/wp-json\/wp\/v2\/pages\/4200","targetHints":{"allow":["GET"]}}],"collection":[{"href":"https:\/\/interwelding.apak-group.com\/de\/wp-json\/wp\/v2\/pages"}],"about":[{"href":"https:\/\/interwelding.apak-group.com\/de\/wp-json\/wp\/v2\/types\/page"}],"author":[{"embeddable":true,"href":"https:\/\/interwelding.apak-group.com\/de\/wp-json\/wp\/v2\/users\/1"}],"replies":[{"embeddable":true,"href":"https:\/\/interwelding.apak-group.com\/de\/wp-json\/wp\/v2\/comments?post=4200"}],"version-history":[{"count":1,"href":"https:\/\/interwelding.apak-group.com\/de\/wp-json\/wp\/v2\/pages\/4200\/revisions"}],"predecessor-version":[{"id":4201,"href":"https:\/\/interwelding.apak-group.com\/de\/wp-json\/wp\/v2\/pages\/4200\/revisions\/4201"}],"wp:attachment":[{"href":"https:\/\/interwelding.apak-group.com\/de\/wp-json\/wp\/v2\/media?parent=4200"}],"curies":[{"name":"wp","href":"https:\/\/api.w.org\/{rel}","templated":true}]}}