{"id":3616,"date":"2022-07-12T14:07:26","date_gmt":"2022-07-12T14:07:26","guid":{"rendered":"https:\/\/interwelding.apak-group.com\/warenkorb\/"},"modified":"2025-09-22T21:59:12","modified_gmt":"2025-09-22T21:59:12","slug":"warenkorb","status":"publish","type":"page","link":"https:\/\/interwelding.apak-group.com\/de\/warenkorb\/","title":{"rendered":"Warenkorb"},"content":{"rendered":"\n<div data-block-name=\"woocommerce\/cart\" class=\"wp-block-woocommerce-cart alignwide is-loading\">\n<div data-block-name=\"woocommerce\/filled-cart-block\" class=\"wp-block-woocommerce-filled-cart-block\">\n<div data-block-name=\"woocommerce\/cart-items-block\" class=\"wp-block-woocommerce-cart-items-block\">\n<div data-block-name=\"woocommerce\/cart-line-items-block\" class=\"wp-block-woocommerce-cart-line-items-block\"><\/div>\n\n\n<\/div>\n\n\n\n\n<div data-block-name=\"woocommerce\/cart-totals-block\" class=\"wp-block-woocommerce-cart-totals-block\">\n<div data-block-name=\"woocommerce\/cart-order-summary-block\" class=\"wp-block-woocommerce-cart-order-summary-block\">\n<div data-block-name=\"woocommerce\/cart-order-summary-heading-block\" class=\"wp-block-woocommerce-cart-order-summary-heading-block\"><\/div><div data-block-name=\"woocommerce\/cart-order-summary-coupon-form-block\" class=\"wp-block-woocommerce-cart-order-summary-coupon-form-block\"><\/div><div data-block-name=\"woocommerce\/cart-order-summary-totals-block\" class=\"wp-block-woocommerce-cart-order-summary-totals-block\">\n<div data-block-name=\"woocommerce\/cart-order-summary-subtotal-block\" class=\"wp-block-woocommerce-cart-order-summary-subtotal-block\"><\/div>\n<div data-block-name=\"woocommerce\/cart-order-summary-discount-block\" class=\"wp-block-woocommerce-cart-order-summary-discount-block\"><\/div>\n<div data-block-name=\"woocommerce\/cart-order-summary-fee-block\" class=\"wp-block-woocommerce-cart-order-summary-fee-block\"><\/div>\n<div data-block-name=\"woocommerce\/cart-order-summary-shipping-block\" class=\"wp-block-woocommerce-cart-order-summary-shipping-block\"><\/div>\n<div data-block-name=\"woocommerce\/cart-order-summary-taxes-block\" class=\"wp-block-woocommerce-cart-order-summary-taxes-block\"><\/div><\/div>\n<\/div>\n\n\n\n<div data-block-name=\"woocommerce\/cart-express-payment-block\" class=\"wp-block-woocommerce-cart-express-payment-block\"><\/div>\n\n\n\n<div data-block-name=\"woocommerce\/proceed-to-checkout-block\" class=\"wp-block-woocommerce-proceed-to-checkout-block\"><\/div>\n\n\n\n<div data-block-name=\"woocommerce\/cart-accepted-payment-methods-block\" class=\"wp-block-woocommerce-cart-accepted-payment-methods-block\"><\/div>\n<\/div>\n<\/div>\n\n\n\n<div data-block-name=\"woocommerce\/empty-cart-block\" class=\"wp-block-woocommerce-empty-cart-block\">\n<h2 class=\"wp-block-heading has-text-align-center with-empty-cart-icon wc-block-cart__empty-cart__title\">Dein Warenkorb ist gerade leer!<\/h2>\n\n\n\n<hr class=\"wp-block-separator has-alpha-channel-opacity is-style-dots\"\/>\n\n\n\n<h2 class=\"wp-block-heading has-text-align-center\">Neu im Shop<\/h2>\n\n\n<div data-block-name=\"woocommerce\/product-new\" data-columns=\"4\" data-rows=\"1\" class=\"wc-block-grid wp-block-product-new wp-block-woocommerce-product-new wc-block-product-new has-4-columns\"><ul class=\"wc-block-grid__products\"><li class=\"wc-block-grid__product\">\n\t\t\t\t<a href=\"https:\/\/interwelding.apak-group.com\/de\/products\/automatisierungssysteme\/widerstands-stumpfschweissmaschine\/\" class=\"wc-block-grid__product-link\">\n\t\t\t\t\t\n\t\t\t\t\t<div class=\"wc-block-grid__product-image\"><img fetchpriority=\"high\" decoding=\"async\" width=\"300\" height=\"240\" src=\"https:\/\/interwelding.apak-group.com\/wp-content\/uploads\/2023\/02\/Apak-interwelding-Butt-Welding-Machine-300x240.png\" class=\"attachment-woocommerce_thumbnail size-woocommerce_thumbnail\" alt=\"Widerstandsstumpfschwei\u00dfmaschine f\u00fcr pr\u00e4zise industrielle Verbindungen \u2013 Apak Interwelding\" srcset=\"https:\/\/interwelding.apak-group.com\/wp-content\/uploads\/2023\/02\/Apak-interwelding-Butt-Welding-Machine-300x240.png 300w, https:\/\/interwelding.apak-group.com\/wp-content\/uploads\/2023\/02\/Apak-interwelding-Butt-Welding-Machine-600x480.png 600w, https:\/\/interwelding.apak-group.com\/wp-content\/uploads\/2023\/02\/Apak-interwelding-Butt-Welding-Machine-1024x819.png 1024w, https:\/\/interwelding.apak-group.com\/wp-content\/uploads\/2023\/02\/Apak-interwelding-Butt-Welding-Machine-768x614.png 768w, https:\/\/interwelding.apak-group.com\/wp-content\/uploads\/2023\/02\/Apak-interwelding-Butt-Welding-Machine.png 1200w\" sizes=\"(max-width: 300px) 100vw, 300px\" \/><\/div>\n\t\t\t\t\t<div class=\"wc-block-grid__product-title\">Widerstands-Stumpfschwei\u00dfmaschine<\/div>\n\t\t\t\t<\/a>\n\t\t\t\t<div class=\"wc-block-grid__product-price price\"><\/div>\n\t\t\t\t\n\t\t\t\t<div class=\"wp-block-button wc-block-grid__product-add-to-cart\"><a href=\"https:\/\/interwelding.apak-group.com\/de\/products\/automatisierungssysteme\/widerstands-stumpfschweissmaschine\/\" aria-label=\"Lese mehr \u00fcber &#8222;Widerstands-Stumpfschwei\u00dfmaschine&#8220;\" data-quantity=\"1\" data-product_id=\"3961\" data-product_sku=\"\" data-price=\"0\" rel=\"nofollow\" class=\"wp-block-button__link  add_to_cart_button\">Weiterlesen<\/a><\/div>\n\t\t\t<\/li><li class=\"wc-block-grid__product\">\n\t\t\t\t<a href=\"https:\/\/interwelding.apak-group.com\/de\/products\/automatisierungssysteme\/schweissmaschine-fuer-flexible-metallschlaeuche\/\" class=\"wc-block-grid__product-link\">\n\t\t\t\t\t\n\t\t\t\t\t<div class=\"wc-block-grid__product-image\"><img decoding=\"async\" width=\"300\" height=\"240\" src=\"https:\/\/interwelding.apak-group.com\/wp-content\/uploads\/2023\/01\/Apak-interwelding-Flexible-welding-automation-300x240.png\" class=\"attachment-woocommerce_thumbnail size-woocommerce_thumbnail\" alt=\"Flexible Metallschlauch-Schwei\u00dfmaschine f\u00fcr die industrielle Schlauchproduktion\" srcset=\"https:\/\/interwelding.apak-group.com\/wp-content\/uploads\/2023\/01\/Apak-interwelding-Flexible-welding-automation-300x240.png 300w, https:\/\/interwelding.apak-group.com\/wp-content\/uploads\/2023\/01\/Apak-interwelding-Flexible-welding-automation-600x480.png 600w, https:\/\/interwelding.apak-group.com\/wp-content\/uploads\/2023\/01\/Apak-interwelding-Flexible-welding-automation-1024x819.png 1024w, https:\/\/interwelding.apak-group.com\/wp-content\/uploads\/2023\/01\/Apak-interwelding-Flexible-welding-automation-768x614.png 768w, https:\/\/interwelding.apak-group.com\/wp-content\/uploads\/2023\/01\/Apak-interwelding-Flexible-welding-automation.png 1200w\" sizes=\"(max-width: 300px) 100vw, 300px\" \/><\/div>\n\t\t\t\t\t<div class=\"wc-block-grid__product-title\">Schwei\u00dfmaschine f\u00fcr flexible Metallschl\u00e4uche<\/div>\n\t\t\t\t<\/a>\n\t\t\t\t<div class=\"wc-block-grid__product-price price\"><\/div>\n\t\t\t\t\n\t\t\t\t<div class=\"wp-block-button wc-block-grid__product-add-to-cart\"><a href=\"https:\/\/interwelding.apak-group.com\/de\/products\/automatisierungssysteme\/schweissmaschine-fuer-flexible-metallschlaeuche\/\" aria-label=\"Lese mehr \u00fcber &#8222;Schwei\u00dfmaschine f\u00fcr flexible Metallschl\u00e4uche&#8220;\" data-quantity=\"1\" data-product_id=\"4455\" data-product_sku=\"\" data-price=\"0\" rel=\"nofollow\" class=\"wp-block-button__link  add_to_cart_button\">Weiterlesen<\/a><\/div>\n\t\t\t<\/li><li class=\"wc-block-grid__product\">\n\t\t\t\t<a href=\"https:\/\/interwelding.apak-group.com\/de\/products\/automatisierungssysteme\/bandverbindungs-schweissmaschine\/\" class=\"wc-block-grid__product-link\">\n\t\t\t\t\t\n\t\t\t\t\t<div class=\"wc-block-grid__product-image\"><img decoding=\"async\" width=\"300\" height=\"240\" src=\"https:\/\/interwelding.apak-group.com\/wp-content\/uploads\/2025\/01\/Coil-joining-welding-machine-300x240.png\" class=\"attachment-woocommerce_thumbnail size-woocommerce_thumbnail\" alt=\"Coil Joining Welding Machine f\u00fcr Stahl- und Blechbandverarbeitung\" srcset=\"https:\/\/interwelding.apak-group.com\/wp-content\/uploads\/2025\/01\/Coil-joining-welding-machine-300x240.png 300w, https:\/\/interwelding.apak-group.com\/wp-content\/uploads\/2025\/01\/Coil-joining-welding-machine-1024x819.png 1024w, https:\/\/interwelding.apak-group.com\/wp-content\/uploads\/2025\/01\/Coil-joining-welding-machine-768x614.png 768w, https:\/\/interwelding.apak-group.com\/wp-content\/uploads\/2025\/01\/Coil-joining-welding-machine-600x480.png 600w, https:\/\/interwelding.apak-group.com\/wp-content\/uploads\/2025\/01\/Coil-joining-welding-machine.png 1200w\" sizes=\"(max-width: 300px) 100vw, 300px\" \/><\/div>\n\t\t\t\t\t<div class=\"wc-block-grid__product-title\">Bandverbindungs-Schwei\u00dfmaschine<\/div>\n\t\t\t\t<\/a>\n\t\t\t\t<div class=\"wc-block-grid__product-price price\"><\/div>\n\t\t\t\t\n\t\t\t\t<div class=\"wp-block-button wc-block-grid__product-add-to-cart\"><a href=\"https:\/\/interwelding.apak-group.com\/de\/products\/automatisierungssysteme\/bandverbindungs-schweissmaschine\/\" aria-label=\"Lese mehr \u00fcber &#8222;Bandverbindungs-Schwei\u00dfmaschine&#8220;\" data-quantity=\"1\" data-product_id=\"4462\" data-product_sku=\"\" data-price=\"0\" rel=\"nofollow\" class=\"wp-block-button__link  add_to_cart_button\">Weiterlesen<\/a><\/div>\n\t\t\t<\/li><li class=\"wc-block-grid__product\">\n\t\t\t\t<a href=\"https:\/\/interwelding.apak-group.com\/de\/products\/automatisierungssysteme\/stuhlmechanismus-schweissmaschine\/\" class=\"wc-block-grid__product-link\">\n\t\t\t\t\t\n\t\t\t\t\t<div class=\"wc-block-grid__product-image\"><img loading=\"lazy\" decoding=\"async\" width=\"300\" height=\"240\" src=\"https:\/\/interwelding.apak-group.com\/wp-content\/uploads\/2023\/02\/Apak-interwelding-chair-mechanism-welding-machine-300x240.png\" class=\"attachment-woocommerce_thumbnail size-woocommerce_thumbnail\" alt=\"Stuhlmechanismus-Schwei\u00dfmaschine \u2013 automatisches System f\u00fcr die Herstellung von M\u00f6belmechanismen\" srcset=\"https:\/\/interwelding.apak-group.com\/wp-content\/uploads\/2023\/02\/Apak-interwelding-chair-mechanism-welding-machine-300x240.png 300w, https:\/\/interwelding.apak-group.com\/wp-content\/uploads\/2023\/02\/Apak-interwelding-chair-mechanism-welding-machine-600x480.png 600w, https:\/\/interwelding.apak-group.com\/wp-content\/uploads\/2023\/02\/Apak-interwelding-chair-mechanism-welding-machine-1024x819.png 1024w, https:\/\/interwelding.apak-group.com\/wp-content\/uploads\/2023\/02\/Apak-interwelding-chair-mechanism-welding-machine-768x614.png 768w, https:\/\/interwelding.apak-group.com\/wp-content\/uploads\/2023\/02\/Apak-interwelding-chair-mechanism-welding-machine.png 1200w\" sizes=\"(max-width: 300px) 100vw, 300px\" \/><\/div>\n\t\t\t\t\t<div class=\"wc-block-grid__product-title\">Stuhlmechanismus-Schwei\u00dfmaschine<\/div>\n\t\t\t\t<\/a>\n\t\t\t\t<div class=\"wc-block-grid__product-price price\"><\/div>\n\t\t\t\t\n\t\t\t\t<div class=\"wp-block-button wc-block-grid__product-add-to-cart\"><a href=\"https:\/\/interwelding.apak-group.com\/de\/products\/automatisierungssysteme\/stuhlmechanismus-schweissmaschine\/\" aria-label=\"Lese mehr \u00fcber &#8222;Stuhlmechanismus-Schwei\u00dfmaschine&#8220;\" data-quantity=\"1\" data-product_id=\"4476\" data-product_sku=\"\" data-price=\"0\" rel=\"nofollow\" class=\"wp-block-button__link  add_to_cart_button\">Weiterlesen<\/a><\/div>\n\t\t\t<\/li><\/ul><\/div><\/div>\n<\/div>\n","protected":false},"excerpt":{"rendered":"","protected":false},"author":1,"featured_media":0,"parent":0,"menu_order":0,"comment_status":"closed","ping_status":"closed","template":"","meta":{"footnotes":""},"class_list":["post-3616","page","type-page","status-publish","hentry"],"yoast_head":"<!-- This site is optimized with the Yoast SEO Premium plugin v20.5 (Yoast SEO v26.8) - https:\/\/yoast.com\/product\/yoast-seo-premium-wordpress\/ -->\n<title>Warenkorb | Apak GmbH<\/title>\n<meta name=\"robots\" content=\"index, follow, max-snippet:-1, max-image-preview:large, max-video-preview:-1\" \/>\n<link rel=\"canonical\" href=\"https:\/\/interwelding.apak-group.com\/de\/warenkorb\/\" \/>\n<meta property=\"og:locale\" content=\"de_DE\" \/>\n<meta property=\"og:type\" content=\"article\" \/>\n<meta property=\"og:title\" content=\"Warenkorb\" \/>\n<meta property=\"og:url\" content=\"https:\/\/interwelding.apak-group.com\/de\/warenkorb\/\" \/>\n<meta property=\"og:site_name\" content=\"Apak GmbH\" \/>\n<meta property=\"article:modified_time\" content=\"2025-09-22T21:59:12+00:00\" \/>\n<meta name=\"twitter:card\" content=\"summary_large_image\" \/>\n<script type=\"application\/ld+json\" class=\"yoast-schema-graph\">{\"@context\":\"https:\/\/schema.org\",\"@graph\":[{\"@type\":\"WebPage\",\"@id\":\"https:\/\/interwelding.apak-group.com\/de\/warenkorb\/\",\"url\":\"https:\/\/interwelding.apak-group.com\/de\/warenkorb\/\",\"name\":\"Warenkorb | Apak GmbH\",\"isPartOf\":{\"@id\":\"https:\/\/interwelding.apak-group.com\/de\/#website\"},\"datePublished\":\"2022-07-12T14:07:26+00:00\",\"dateModified\":\"2025-09-22T21:59:12+00:00\",\"breadcrumb\":{\"@id\":\"https:\/\/interwelding.apak-group.com\/de\/warenkorb\/#breadcrumb\"},\"inLanguage\":\"de\",\"potentialAction\":[{\"@type\":\"ReadAction\",\"target\":[\"https:\/\/interwelding.apak-group.com\/de\/warenkorb\/\"]}]},{\"@type\":\"BreadcrumbList\",\"@id\":\"https:\/\/interwelding.apak-group.com\/de\/warenkorb\/#breadcrumb\",\"itemListElement\":[{\"@type\":\"ListItem\",\"position\":1,\"name\":\"Home\",\"item\":\"https:\/\/interwelding.apak-group.com\/de\/\"},{\"@type\":\"ListItem\",\"position\":2,\"name\":\"Warenkorb\"}]},{\"@type\":\"WebSite\",\"@id\":\"https:\/\/interwelding.apak-group.com\/de\/#website\",\"url\":\"https:\/\/interwelding.apak-group.com\/de\/\",\"name\":\"Apak GmbH\",\"description\":\"Welding technology, Welding Automation &amp; Robots\",\"publisher\":{\"@id\":\"https:\/\/interwelding.apak-group.com\/de\/#organization\"},\"potentialAction\":[{\"@type\":\"SearchAction\",\"target\":{\"@type\":\"EntryPoint\",\"urlTemplate\":\"https:\/\/interwelding.apak-group.com\/de\/?s={search_term_string}\"},\"query-input\":{\"@type\":\"PropertyValueSpecification\",\"valueRequired\":true,\"valueName\":\"search_term_string\"}}],\"inLanguage\":\"de\"},{\"@type\":\"Organization\",\"@id\":\"https:\/\/interwelding.apak-group.com\/de\/#organization\",\"name\":\"Apak GmbH\",\"url\":\"https:\/\/interwelding.apak-group.com\/de\/\",\"logo\":{\"@type\":\"ImageObject\",\"inLanguage\":\"de\",\"@id\":\"https:\/\/interwelding.apak-group.com\/de\/#\/schema\/logo\/image\/\",\"url\":\"https:\/\/interwelding.apak-group.com\/wp-content\/uploads\/2022\/12\/apak-interwelding.png\",\"contentUrl\":\"https:\/\/interwelding.apak-group.com\/wp-content\/uploads\/2022\/12\/apak-interwelding.png\",\"width\":4479,\"height\":1399,\"caption\":\"Apak GmbH\"},\"image\":{\"@id\":\"https:\/\/interwelding.apak-group.com\/de\/#\/schema\/logo\/image\/\"},\"sameAs\":[\"https:\/\/www.instagram.com\/apakgroup\/\"]}]}<\/script>\n<!-- \/ Yoast SEO Premium plugin. -->","yoast_head_json":{"title":"Warenkorb | Apak GmbH","robots":{"index":"index","follow":"follow","max-snippet":"max-snippet:-1","max-image-preview":"max-image-preview:large","max-video-preview":"max-video-preview:-1"},"canonical":"https:\/\/interwelding.apak-group.com\/de\/warenkorb\/","og_locale":"de_DE","og_type":"article","og_title":"Warenkorb","og_url":"https:\/\/interwelding.apak-group.com\/de\/warenkorb\/","og_site_name":"Apak GmbH","article_modified_time":"2025-09-22T21:59:12+00:00","twitter_card":"summary_large_image","schema":{"@context":"https:\/\/schema.org","@graph":[{"@type":"WebPage","@id":"https:\/\/interwelding.apak-group.com\/de\/warenkorb\/","url":"https:\/\/interwelding.apak-group.com\/de\/warenkorb\/","name":"Warenkorb | Apak GmbH","isPartOf":{"@id":"https:\/\/interwelding.apak-group.com\/de\/#website"},"datePublished":"2022-07-12T14:07:26+00:00","dateModified":"2025-09-22T21:59:12+00:00","breadcrumb":{"@id":"https:\/\/interwelding.apak-group.com\/de\/warenkorb\/#breadcrumb"},"inLanguage":"de","potentialAction":[{"@type":"ReadAction","target":["https:\/\/interwelding.apak-group.com\/de\/warenkorb\/"]}]},{"@type":"BreadcrumbList","@id":"https:\/\/interwelding.apak-group.com\/de\/warenkorb\/#breadcrumb","itemListElement":[{"@type":"ListItem","position":1,"name":"Home","item":"https:\/\/interwelding.apak-group.com\/de\/"},{"@type":"ListItem","position":2,"name":"Warenkorb"}]},{"@type":"WebSite","@id":"https:\/\/interwelding.apak-group.com\/de\/#website","url":"https:\/\/interwelding.apak-group.com\/de\/","name":"Apak GmbH","description":"Welding technology, Welding Automation &amp; Robots","publisher":{"@id":"https:\/\/interwelding.apak-group.com\/de\/#organization"},"potentialAction":[{"@type":"SearchAction","target":{"@type":"EntryPoint","urlTemplate":"https:\/\/interwelding.apak-group.com\/de\/?s={search_term_string}"},"query-input":{"@type":"PropertyValueSpecification","valueRequired":true,"valueName":"search_term_string"}}],"inLanguage":"de"},{"@type":"Organization","@id":"https:\/\/interwelding.apak-group.com\/de\/#organization","name":"Apak GmbH","url":"https:\/\/interwelding.apak-group.com\/de\/","logo":{"@type":"ImageObject","inLanguage":"de","@id":"https:\/\/interwelding.apak-group.com\/de\/#\/schema\/logo\/image\/","url":"https:\/\/interwelding.apak-group.com\/wp-content\/uploads\/2022\/12\/apak-interwelding.png","contentUrl":"https:\/\/interwelding.apak-group.com\/wp-content\/uploads\/2022\/12\/apak-interwelding.png","width":4479,"height":1399,"caption":"Apak GmbH"},"image":{"@id":"https:\/\/interwelding.apak-group.com\/de\/#\/schema\/logo\/image\/"},"sameAs":["https:\/\/www.instagram.com\/apakgroup\/"]}]}},"_links":{"self":[{"href":"https:\/\/interwelding.apak-group.com\/de\/wp-json\/wp\/v2\/pages\/3616","targetHints":{"allow":["GET"]}}],"collection":[{"href":"https:\/\/interwelding.apak-group.com\/de\/wp-json\/wp\/v2\/pages"}],"about":[{"href":"https:\/\/interwelding.apak-group.com\/de\/wp-json\/wp\/v2\/types\/page"}],"author":[{"embeddable":true,"href":"https:\/\/interwelding.apak-group.com\/de\/wp-json\/wp\/v2\/users\/1"}],"replies":[{"embeddable":true,"href":"https:\/\/interwelding.apak-group.com\/de\/wp-json\/wp\/v2\/comments?post=3616"}],"version-history":[{"count":0,"href":"https:\/\/interwelding.apak-group.com\/de\/wp-json\/wp\/v2\/pages\/3616\/revisions"}],"wp:attachment":[{"href":"https:\/\/interwelding.apak-group.com\/de\/wp-json\/wp\/v2\/media?parent=3616"}],"curies":[{"name":"wp","href":"https:\/\/api.w.org\/{rel}","templated":true}]}}